{"id":13195,"date":"2021-10-13T17:27:12","date_gmt":"2021-10-13T17:27:12","guid":{"rendered":"http:\/\/www.pearl-aqua.de\/?page_id=13195"},"modified":"2021-11-03T09:00:20","modified_gmt":"2021-11-03T09:00:20","slug":"montage","status":"publish","type":"page","link":"https:\/\/www.pearl-aqua.de\/en\/montage","title":{"rendered":"Mounting"},"content":{"rendered":"<h2 class=\"wp-block-heading\">Assemble the fleece filter<\/h2><figure class=\"wp-block-image size-large\"><img fetchpriority=\"high\" decoding=\"async\" width=\"701\" height=\"715\" src=\"http:\/\/www.pearl-aqua.de\/wp-content\/uploads\/2021\/10\/\u00dcbersicht-komplett.jpg\" alt=\"\" class=\"wp-image-13228\" srcset=\"https:\/\/www.pearl-aqua.de\/wp-content\/uploads\/2021\/10\/\u00dcbersicht-komplett.jpg 701w, https:\/\/www.pearl-aqua.de\/wp-content\/uploads\/2021\/10\/\u00dcbersicht-komplett-294x300.jpg 294w, https:\/\/www.pearl-aqua.de\/wp-content\/uploads\/2021\/10\/\u00dcbersicht-komplett-600x612.jpg 600w\" sizes=\"(max-width: 701px) 100vw, 701px\" \/><figcaption>Overview of the components<\/figcaption><\/figure><p>The installation of the pearl. - Fleece filter is simple and can be done in just a few minutes.<\/p><figure class=\"wp-block-video\"><video controls src=\"http:\/\/www.pearl-aqua.de\/wp-content\/uploads\/2021\/10\/pearl.eco-Montage-NEU.mp4\"><\/video><\/figure><div class=\"wp-block-media-text alignwide is-stacked-on-mobile\"><figure class=\"wp-block-media-text__media\"><img decoding=\"async\" width=\"754\" height=\"567\" src=\"http:\/\/www.pearl-aqua.de\/wp-content\/uploads\/2021\/10\/DSC_0153-2-1.jpg\" alt=\"\" class=\"wp-image-13196\" srcset=\"https:\/\/www.pearl-aqua.de\/wp-content\/uploads\/2021\/10\/DSC_0153-2-1.jpg 754w, https:\/\/www.pearl-aqua.de\/wp-content\/uploads\/2021\/10\/DSC_0153-2-1-300x226.jpg 300w, https:\/\/www.pearl-aqua.de\/wp-content\/uploads\/2021\/10\/DSC_0153-2-1-600x451.jpg 600w\" sizes=\"(max-width: 754px) 100vw, 754px\" \/><\/figure><div class=\"wp-block-media-text__content\"><p class=\"translation-block\">Insert the level switch of the electronic unit through the round opening in the side panel on the left (2). If the electronics unit is to be installed on the opposite side, see \"Changing the side of the electronics unit\".<\/p>\n\n<\/div><\/div><div class=\"wp-block-media-text alignwide is-stacked-on-mobile\"><figure class=\"wp-block-media-text__media\"><img decoding=\"async\" width=\"781\" height=\"446\" src=\"http:\/\/www.pearl-aqua.de\/wp-content\/uploads\/2021\/10\/DSC_0155-2.jpg\" alt=\"\" class=\"wp-image-13197\" srcset=\"https:\/\/www.pearl-aqua.de\/wp-content\/uploads\/2021\/10\/DSC_0155-2.jpg 781w, https:\/\/www.pearl-aqua.de\/wp-content\/uploads\/2021\/10\/DSC_0155-2-300x171.jpg 300w, https:\/\/www.pearl-aqua.de\/wp-content\/uploads\/2021\/10\/DSC_0155-2-768x439.jpg 768w, https:\/\/www.pearl-aqua.de\/wp-content\/uploads\/2021\/10\/DSC_0155-2-600x343.jpg 600w\" sizes=\"(max-width: 781px) 100vw, 781px\" \/><\/figure><div class=\"wp-block-media-text__content\"><p class=\"translation-block\">Screw the electronics unit (14) to the side panel with the M3 x 10 pan-head screws. The cables are at the back. Stainless steel and plastic screws are included in the delivery. The stainless steel screws are recommended. Tighten the screws carefully. Note! The plastic screws may only be used once and must be tightened with care.<\/p><\/div><\/div><div class=\"wp-block-media-text alignwide is-stacked-on-mobile\"><figure class=\"wp-block-media-text__media\"><img loading=\"lazy\" decoding=\"async\" width=\"922\" height=\"615\" src=\"http:\/\/www.pearl-aqua.de\/wp-content\/uploads\/2021\/10\/DSC_0164.jpg\" alt=\"\" class=\"wp-image-13198\" srcset=\"https:\/\/www.pearl-aqua.de\/wp-content\/uploads\/2021\/10\/DSC_0164.jpg 922w, https:\/\/www.pearl-aqua.de\/wp-content\/uploads\/2021\/10\/DSC_0164-300x200.jpg 300w, https:\/\/www.pearl-aqua.de\/wp-content\/uploads\/2021\/10\/DSC_0164-768x512.jpg 768w, https:\/\/www.pearl-aqua.de\/wp-content\/uploads\/2021\/10\/DSC_0164-600x400.jpg 600w\" sizes=\"(max-width: 922px) 100vw, 922px\" \/><\/figure><div class=\"wp-block-media-text__content\"><p class=\"translation-block\">Mount the bypass slide (3) with the wing screw M5x10 in the recess of the left side panel (2).<\/p><\/div><\/div><div class=\"wp-block-media-text alignwide is-stacked-on-mobile\"><figure class=\"wp-block-media-text__media\"><img loading=\"lazy\" decoding=\"async\" width=\"789\" height=\"357\" src=\"http:\/\/www.pearl-aqua.de\/wp-content\/uploads\/2021\/10\/DSC_0149-2.jpg\" alt=\"\" class=\"wp-image-13199\" srcset=\"https:\/\/www.pearl-aqua.de\/wp-content\/uploads\/2021\/10\/DSC_0149-2.jpg 789w, https:\/\/www.pearl-aqua.de\/wp-content\/uploads\/2021\/10\/DSC_0149-2-300x136.jpg 300w, https:\/\/www.pearl-aqua.de\/wp-content\/uploads\/2021\/10\/DSC_0149-2-768x347.jpg 768w, https:\/\/www.pearl-aqua.de\/wp-content\/uploads\/2021\/10\/DSC_0149-2-600x271.jpg 600w\" sizes=\"(max-width: 789px) 100vw, 789px\" \/><\/figure><div class=\"wp-block-media-text__content\"><p class=\"translation-block\">Screw the four crossbars (7) with the wing screws M10x16 to the side part opposite the electronics housing.<\/p><\/div><\/div><div class=\"wp-block-media-text alignwide is-stacked-on-mobile\"><figure class=\"wp-block-media-text__media\"><img loading=\"lazy\" decoding=\"async\" width=\"922\" height=\"615\" src=\"http:\/\/www.pearl-aqua.de\/wp-content\/uploads\/2021\/10\/DSC_0152.jpg\" alt=\"\" class=\"wp-image-13200\" srcset=\"https:\/\/www.pearl-aqua.de\/wp-content\/uploads\/2021\/10\/DSC_0152.jpg 922w, https:\/\/www.pearl-aqua.de\/wp-content\/uploads\/2021\/10\/DSC_0152-300x200.jpg 300w, https:\/\/www.pearl-aqua.de\/wp-content\/uploads\/2021\/10\/DSC_0152-768x512.jpg 768w, https:\/\/www.pearl-aqua.de\/wp-content\/uploads\/2021\/10\/DSC_0152-600x400.jpg 600w\" sizes=\"(max-width: 922px) 100vw, 922px\" \/><\/figure><div class=\"wp-block-media-text__content\"><p class=\"translation-block\">Lay the side panel with the crossbars on its side. Put the pulley with the O-rings (9) on the front crossbar.<\/p><\/div><\/div><div class=\"wp-block-media-text alignwide is-stacked-on-mobile\"><figure class=\"wp-block-media-text__media\"><img loading=\"lazy\" decoding=\"async\" width=\"595\" height=\"398\" src=\"http:\/\/www.pearl-aqua.de\/wp-content\/uploads\/2021\/10\/DSC_0156-2.jpg\" alt=\"\" class=\"wp-image-13201\" srcset=\"https:\/\/www.pearl-aqua.de\/wp-content\/uploads\/2021\/10\/DSC_0156-2.jpg 595w, https:\/\/www.pearl-aqua.de\/wp-content\/uploads\/2021\/10\/DSC_0156-2-300x201.jpg 300w\" sizes=\"(max-width: 595px) 100vw, 595px\" \/><\/figure><div class=\"wp-block-media-text__content\"><p class=\"translation-block\">Mount the piping (13) on the centre plate (6). The hole for the level switch in the centre plate must be on the same side as the electronics housing. Note: The piping must be aligned straight to the rear!<\/p><\/div><\/div><div class=\"wp-block-media-text alignwide is-stacked-on-mobile\"><figure class=\"wp-block-media-text__media\"><img loading=\"lazy\" decoding=\"async\" width=\"801\" height=\"347\" src=\"http:\/\/www.pearl-aqua.de\/wp-content\/uploads\/2021\/10\/DSC_0159-2.jpg\" alt=\"\" class=\"wp-image-13202\" srcset=\"https:\/\/www.pearl-aqua.de\/wp-content\/uploads\/2021\/10\/DSC_0159-2.jpg 801w, https:\/\/www.pearl-aqua.de\/wp-content\/uploads\/2021\/10\/DSC_0159-2-300x130.jpg 300w, https:\/\/www.pearl-aqua.de\/wp-content\/uploads\/2021\/10\/DSC_0159-2-768x333.jpg 768w, https:\/\/www.pearl-aqua.de\/wp-content\/uploads\/2021\/10\/DSC_0159-2-600x260.jpg 600w\" sizes=\"(max-width: 801px) 100vw, 801px\" \/><\/figure><div class=\"wp-block-media-text__content\"><p class=\"translation-block\">Insert the cut-out plate (4) and the centre plate (6) with the piping (13) into the grooves in the side panel designed for this purpose.<\/p><\/div><\/div><div class=\"wp-block-media-text alignwide is-stacked-on-mobile\"><figure class=\"wp-block-media-text__media\"><img loading=\"lazy\" decoding=\"async\" width=\"816\" height=\"556\" src=\"http:\/\/www.pearl-aqua.de\/wp-content\/uploads\/2021\/10\/DSC_0166-2.jpg\" alt=\"\" class=\"wp-image-13203\" srcset=\"https:\/\/www.pearl-aqua.de\/wp-content\/uploads\/2021\/10\/DSC_0166-2.jpg 816w, https:\/\/www.pearl-aqua.de\/wp-content\/uploads\/2021\/10\/DSC_0166-2-300x204.jpg 300w, https:\/\/www.pearl-aqua.de\/wp-content\/uploads\/2021\/10\/DSC_0166-2-768x523.jpg 768w, https:\/\/www.pearl-aqua.de\/wp-content\/uploads\/2021\/10\/DSC_0166-2-600x409.jpg 600w\" sizes=\"(max-width: 816px) 100vw, 816px\" \/><\/figure><div class=\"wp-block-media-text__content\"><p class=\"translation-block\">Place the side part with the assembled electronics housing on the prepared opposite side so that the threads of the crossbars are directly under the holes of the side part. Then screw in the wing screws M10 x 16 approx. halfway. Press all the inserted panels into the guide grooves with light pressure on the side panel. Tighten the screws.<\/p><\/div><\/div><div class=\"wp-block-media-text alignwide is-stacked-on-mobile\"><figure class=\"wp-block-media-text__media\"><img loading=\"lazy\" decoding=\"async\" width=\"585\" height=\"647\" src=\"http:\/\/www.pearl-aqua.de\/wp-content\/uploads\/2021\/10\/DSC_0169.jpg\" alt=\"\" class=\"wp-image-13204\" srcset=\"https:\/\/www.pearl-aqua.de\/wp-content\/uploads\/2021\/10\/DSC_0169.jpg 585w, https:\/\/www.pearl-aqua.de\/wp-content\/uploads\/2021\/10\/DSC_0169-271x300.jpg 271w\" sizes=\"(max-width: 585px) 100vw, 585px\" \/><\/figure><div class=\"wp-block-media-text__content\"><p class=\"translation-block\">Press the plate (5) into the grooves provided in the side parts on the front of the fleece filter.<\/p><\/div><\/div><div class=\"wp-block-media-text alignwide is-stacked-on-mobile\"><figure class=\"wp-block-media-text__media\"><img loading=\"lazy\" decoding=\"async\" width=\"615\" height=\"922\" src=\"http:\/\/www.pearl-aqua.de\/wp-content\/uploads\/2021\/10\/DSC_0177.jpg\" alt=\"\" class=\"wp-image-13205\" srcset=\"https:\/\/www.pearl-aqua.de\/wp-content\/uploads\/2021\/10\/DSC_0177.jpg 615w, https:\/\/www.pearl-aqua.de\/wp-content\/uploads\/2021\/10\/DSC_0177-200x300.jpg 200w, https:\/\/www.pearl-aqua.de\/wp-content\/uploads\/2021\/10\/DSC_0177-600x900.jpg 600w\" sizes=\"(max-width: 615px) 100vw, 615px\" \/><\/figure><div class=\"wp-block-media-text__content\"><p class=\"translation-block\">Unscrew the nut from the float switch.  Guide the cable through the slot in the center plate (6). Insert the thread from the bottom up through the hole. Fix the float switch with the nut.<\/p><\/div><\/div><div class=\"wp-block-media-text alignwide is-stacked-on-mobile\"><figure class=\"wp-block-media-text__media\"><img loading=\"lazy\" decoding=\"async\" width=\"922\" height=\"615\" src=\"http:\/\/www.pearl-aqua.de\/wp-content\/uploads\/2021\/10\/DSC_0182.jpg\" alt=\"\" class=\"wp-image-13206\" srcset=\"https:\/\/www.pearl-aqua.de\/wp-content\/uploads\/2021\/10\/DSC_0182.jpg 922w, https:\/\/www.pearl-aqua.de\/wp-content\/uploads\/2021\/10\/DSC_0182-300x200.jpg 300w, https:\/\/www.pearl-aqua.de\/wp-content\/uploads\/2021\/10\/DSC_0182-768x512.jpg 768w, https:\/\/www.pearl-aqua.de\/wp-content\/uploads\/2021\/10\/DSC_0182-600x400.jpg 600w\" sizes=\"(max-width: 922px) 100vw, 922px\" \/><\/figure><div class=\"wp-block-media-text__content\"><p class=\"translation-block\">Screw the centre plate to the side parts with the M3x10 pan-head screws. (Not \"small\")<\/p><\/div><\/div><div class=\"wp-block-media-text alignwide is-stacked-on-mobile\"><figure class=\"wp-block-media-text__media\"><img loading=\"lazy\" decoding=\"async\" width=\"833\" height=\"491\" src=\"http:\/\/www.pearl-aqua.de\/wp-content\/uploads\/2021\/10\/DSC_0216-2.jpg\" alt=\"\" class=\"wp-image-13207\" srcset=\"https:\/\/www.pearl-aqua.de\/wp-content\/uploads\/2021\/10\/DSC_0216-2.jpg 833w, https:\/\/www.pearl-aqua.de\/wp-content\/uploads\/2021\/10\/DSC_0216-2-300x177.jpg 300w, https:\/\/www.pearl-aqua.de\/wp-content\/uploads\/2021\/10\/DSC_0216-2-768x453.jpg 768w, https:\/\/www.pearl-aqua.de\/wp-content\/uploads\/2021\/10\/DSC_0216-2-600x354.jpg 600w\" sizes=\"(max-width: 833px) 100vw, 833px\" \/><\/figure><div class=\"wp-block-media-text__content\"><p class=\"translation-block\">Insert the dirt fleece shaft (8) into the grooves of the side parts.<\/p><\/div><\/div><h2 class=\"wp-block-heading\">Mount the hanging brackets<\/h2><div class=\"wp-block-media-text alignwide is-stacked-on-mobile\"><figure class=\"wp-block-media-text__media\"><img loading=\"lazy\" decoding=\"async\" width=\"688\" height=\"505\" src=\"http:\/\/www.pearl-aqua.de\/wp-content\/uploads\/2021\/10\/DSC_0203-2.jpg\" alt=\"\" class=\"wp-image-13208\" srcset=\"https:\/\/www.pearl-aqua.de\/wp-content\/uploads\/2021\/10\/DSC_0203-2.jpg 688w, https:\/\/www.pearl-aqua.de\/wp-content\/uploads\/2021\/10\/DSC_0203-2-300x220.jpg 300w, https:\/\/www.pearl-aqua.de\/wp-content\/uploads\/2021\/10\/DSC_0203-2-600x440.jpg 600w\" sizes=\"(max-width: 688px) 100vw, 688px\" \/><\/figure><div class=\"wp-block-media-text__content\"><p class=\"translation-block\">Screw the hook (15) to the short slide (16) with the wing screws M5x10. Note: The wing screws must be on the outside of the fleece filter.<\/p><\/div><\/div><div class=\"wp-block-media-text alignwide is-stacked-on-mobile\"><figure class=\"wp-block-media-text__media\"><img loading=\"lazy\" decoding=\"async\" width=\"503\" height=\"667\" src=\"http:\/\/www.pearl-aqua.de\/wp-content\/uploads\/2021\/10\/DSC_0205-2.jpg\" alt=\"\" class=\"wp-image-13209\" srcset=\"https:\/\/www.pearl-aqua.de\/wp-content\/uploads\/2021\/10\/DSC_0205-2.jpg 503w, https:\/\/www.pearl-aqua.de\/wp-content\/uploads\/2021\/10\/DSC_0205-2-226x300.jpg 226w\" sizes=\"(max-width: 503px) 100vw, 503px\" \/><\/figure><div class=\"wp-block-media-text__content\"><p class=\"translation-block\">Screw the hook (15) to the long slider (17) with the wing screws M5x10. Note: The distance from the upper edge of the sliders to the hooks must be the same. The distance depends on the installation of the fleece filter in the technical tank.<\/p><\/div><\/div><div class=\"wp-block-media-text alignwide is-stacked-on-mobile\"><figure class=\"wp-block-media-text__media\"><img loading=\"lazy\" decoding=\"async\" width=\"692\" height=\"555\" src=\"http:\/\/www.pearl-aqua.de\/wp-content\/uploads\/2021\/10\/DSC_0201-2.jpg\" alt=\"\" class=\"wp-image-13210\" srcset=\"https:\/\/www.pearl-aqua.de\/wp-content\/uploads\/2021\/10\/DSC_0201-2.jpg 692w, https:\/\/www.pearl-aqua.de\/wp-content\/uploads\/2021\/10\/DSC_0201-2-300x241.jpg 300w, https:\/\/www.pearl-aqua.de\/wp-content\/uploads\/2021\/10\/DSC_0201-2-600x481.jpg 600w\" sizes=\"(max-width: 692px) 100vw, 692px\" \/><\/figure><div class=\"wp-block-media-text__content\"><p class=\"translation-block\">Attach the complete hanging brackets to the fleece filter. The short one in the front, the long one in the back. With the large variant also centred.<\/p><\/div><\/div><h2 class=\"wp-block-heading\">Mount the stands<\/h2><div class=\"wp-block-media-text alignwide is-stacked-on-mobile\"><figure class=\"wp-block-media-text__media\"><img loading=\"lazy\" decoding=\"async\" width=\"1024\" height=\"768\" src=\"http:\/\/www.pearl-aqua.de\/wp-content\/uploads\/2021\/10\/IMG_20190815_144600-1024x768.jpg\" alt=\"\" class=\"wp-image-13211\" srcset=\"https:\/\/www.pearl-aqua.de\/wp-content\/uploads\/2021\/10\/IMG_20190815_144600-1024x768.jpg 1024w, https:\/\/www.pearl-aqua.de\/wp-content\/uploads\/2021\/10\/IMG_20190815_144600-300x225.jpg 300w, https:\/\/www.pearl-aqua.de\/wp-content\/uploads\/2021\/10\/IMG_20190815_144600-768x576.jpg 768w, https:\/\/www.pearl-aqua.de\/wp-content\/uploads\/2021\/10\/IMG_20190815_144600-600x450.jpg 600w, https:\/\/www.pearl-aqua.de\/wp-content\/uploads\/2021\/10\/IMG_20190815_144600.jpg 1191w\" sizes=\"(max-width: 1024px) 100vw, 1024px\" \/><\/figure><div class=\"wp-block-media-text__content\"><p class=\"translation-block\">Screw the short slides and the short stands with the wing screws M5x15. Note: The wing screws must be on the outside of the fleece filter.<\/p>\n\n<p class=\"translation-block\">Screw the long sliders and the long stands together with the M5x15 wing screws.<\/p>\n\n<p class=\"translation-block\">Hook the complete feet onto the fleece filter. The short one at the front, the long one at the back.<\/p>\n\n<p class=\"translation-block\">Note: The feet must be extended to the required length with a 20 mm diameter pipe.<\/p><\/div><\/div><h2 class=\"wp-block-heading\">Change the side of the electronics unit<\/h2><p class=\"translation-block\">In the standard version, the electronic unit is installed on the left side. The motor and the drive shaft are adjusted accordingly. If the electronic unit is to be installed on the right-hand side, the following activities must be carried out.<\/p><p><strong>Change the motor polarity:<\/strong><\/p><ol class=\"wp-block-list\"><li>The power supply unit must be disconnected from the power supply.<\/li><li>Remove the four countersunk screws from the cover of the electronics unit.<\/li><li>Remove the lid.<\/li><li>Carefully loosen the two cable clamps of the motor cables marked \"Motor\" with a small flathead screwdriver.<\/li><li>Swap the position of the two cables, red and black.<\/li><li>Carefully tighten the two cable clamps. Caution! If the screws of the cable clamps are tightened too much, this can lead to a defect.<\/li><li>Put on the lid and fix it with the countersunk screws.<\/li><li>Connect the power supply unit to the power supply.<\/li><li>Testing the function.<\/li><\/ol><p><strong>Convert the drive gear of the drive shaft:<\/strong><\/p><ol class=\"wp-block-list\"><li>Remove the M6 countersunk screw that fixes the drive shaft. Gloves make it easier to loosen the countersunk screw.<\/li><li>Remove the gear wheel and place it on the opposite side of the drive shaft. Position the M3 drive screw in the slot of the drive shaft.<\/li><li>Fix the M6 countersunk screw. Gloves facilitate the firm fixation.<\/li><\/ol><h2 class=\"wp-block-heading\">Notes on connection to the aquarium pipe system<\/h2><p>The pearl. eco - fleece filter can be easily integrated into technical tanks due to the different sizes and installation variants.<\/p><p>There are a few principles to be observed.<\/p><ul class=\"wp-block-list\"><li>The pearl. eco fleece filter must be installed horizontally.<\/li><li>If the hanging brackets are used, the opposite side must be supported for horizontal alignment.<\/li><li>The pearl. eco - fleece filter must be positioned 1 cm - 4 cm in the water from the bottom edge. Caution: The water level must not rise to more than 14 cm from the lower edge. The electronics housing must not be under water.<\/li><li>Let the back of the pearl. eco fleece filter touch the technical tank. This allows the filtered water to run off silently at the back.<\/li><li>The pearl. eco - fleece filter can be placed in a separate tank and placed individually.<\/li><li>To ensure that the pearl. - fleece filter can be easily removed from the piping system, a separation point must be provided. The piping system does not have to be fundamentally bonded to the piping of the pearl. eco - fleece filter.<\/li><li>Die Standf\u00fc\u00dfe k\u00f6nnen mit einem Rohr Durchmesser 20 mm auf das notwendige Ma\u00df verl\u00e4ngert werden.<\/li><li>The flow rate through the filter fleece must always be at least 1\/3 of the specified maximum flow rate.<\/li><\/ul>","protected":false},"excerpt":{"rendered":"<p>Den Vliesfilter montieren Die Montage des pearl. &#8211; Vliesfilters ist einfach und kann in nur wenigen Minuten erledigt werden. Die Elektronikeinheit (14) mit den M3 x 10Linsenkopfschrauben an das Seitenteil [&hellip;]<\/p>\n","protected":false},"author":1,"featured_media":0,"parent":0,"menu_order":0,"comment_status":"closed","ping_status":"closed","template":"","meta":{"footnotes":""},"class_list":["post-13195","page","type-page","status-publish","hentry"],"_links":{"self":[{"href":"https:\/\/www.pearl-aqua.de\/en\/wp-json\/wp\/v2\/pages\/13195","targetHints":{"allow":["GET"]}}],"collection":[{"href":"https:\/\/www.pearl-aqua.de\/en\/wp-json\/wp\/v2\/pages"}],"about":[{"href":"https:\/\/www.pearl-aqua.de\/en\/wp-json\/wp\/v2\/types\/page"}],"author":[{"embeddable":true,"href":"https:\/\/www.pearl-aqua.de\/en\/wp-json\/wp\/v2\/users\/1"}],"replies":[{"embeddable":true,"href":"https:\/\/www.pearl-aqua.de\/en\/wp-json\/wp\/v2\/comments?post=13195"}],"version-history":[{"count":12,"href":"https:\/\/www.pearl-aqua.de\/en\/wp-json\/wp\/v2\/pages\/13195\/revisions"}],"predecessor-version":[{"id":13697,"href":"https:\/\/www.pearl-aqua.de\/en\/wp-json\/wp\/v2\/pages\/13195\/revisions\/13697"}],"wp:attachment":[{"href":"https:\/\/www.pearl-aqua.de\/en\/wp-json\/wp\/v2\/media?parent=13195"}],"curies":[{"name":"wp","href":"https:\/\/api.w.org\/{rel}","templated":true}]}}