{"id":15164,"date":"2022-12-28T21:33:07","date_gmt":"2022-12-28T19:33:07","guid":{"rendered":"http:\/\/www.pearl-aqua.de\/?page_id=15164"},"modified":"2023-01-08T21:47:39","modified_gmt":"2023-01-08T19:47:39","slug":"pearl-db","status":"publish","type":"page","link":"https:\/\/www.pearl-aqua.de\/en\/pearl-db","title":{"rendered":"pearl.DB"},"content":{"rendered":"<h4><em>pearl.DB<\/em> - DER Vliesfilter f\u00fcr gro\u00dfe Aquarien und kleine Teiche<\/h4>\n<p>&nbsp;<\/p><figure class=\"wp-block-image size-large is-resized\"><img fetchpriority=\"high\" decoding=\"async\" src=\"http:\/\/www.pearl-aqua.de\/wp-content\/uploads\/2022\/12\/pearl.DB-freigestellt-ISO-2-1024x993.png\" alt=\"pearl.DB\" class=\"wp-image-15156\" width=\"768\" height=\"745\" srcset=\"https:\/\/www.pearl-aqua.de\/wp-content\/uploads\/2022\/12\/pearl.DB-freigestellt-ISO-2-1024x993.png 1024w, https:\/\/www.pearl-aqua.de\/wp-content\/uploads\/2022\/12\/pearl.DB-freigestellt-ISO-2-300x291.png 300w, https:\/\/www.pearl-aqua.de\/wp-content\/uploads\/2022\/12\/pearl.DB-freigestellt-ISO-2-768x745.png 768w, https:\/\/www.pearl-aqua.de\/wp-content\/uploads\/2022\/12\/pearl.DB-freigestellt-ISO-2-1536x1490.png 1536w, https:\/\/www.pearl-aqua.de\/wp-content\/uploads\/2022\/12\/pearl.DB-freigestellt-ISO-2-2048x1986.png 2048w, https:\/\/www.pearl-aqua.de\/wp-content\/uploads\/2022\/12\/pearl.DB-freigestellt-ISO-2-12x12.png 12w, https:\/\/www.pearl-aqua.de\/wp-content\/uploads\/2022\/12\/pearl.DB-freigestellt-ISO-2-600x582.png 600w\" sizes=\"(max-width: 768px) 100vw, 768px\" \/><figcaption><em>pearl.DB<\/em><\/figcaption><\/figure><p>Gewohnte Designelemente wie das minimalistische,\u00a0<strong>effiziente Design<\/strong>\u00a0wurden von der pearl.eco - Reihe \u00fcbernommen. Der bew\u00e4hrt,\u00a0<strong>einfache Vlieswechsel<\/strong>\u00a0wurde auch hier umgesetzt. Das Abziehen des verbrauchten Vlies wurde weiter vereinfacht, kein l\u00e4stiges Abrollen oder Abschneiden von der Welle. Der neue,\u00a0<strong>beruhigte Wassereinlauf<\/strong>\u00a0sorgt f\u00fcr mehr Ruhe. Zwei 63 mm Zulauf-Anschl\u00fcsse f\u00fcr einfachen Anschluss an gro\u00dfe Systeme.\u00a0<strong>Extrem niedrige Bauh\u00f6he und Grundfl\u00e4che<\/strong>\u00a0bei gleichzeitig\u00a0<strong>gro\u00dfer Durchflussleistung.<\/strong>\u00a0<strong>100 Meter langes Filtervlies<\/strong>\u00a0f\u00fcr lange Wartungszyklen.<\/p>\n<h4><strong>Features:<\/strong><\/h4>\n<ul>\n<li>Automatic fleece feed<\/li>\n<li>Schr\u00e4gbettprinzip<\/li>\n<li>Hoher Durchfluss<\/li>\n<li>Kugelgelagerte Wellen<\/li>\n<li>Intelligente Elektronik, schaltet automatisch ab<\/li>\n<li>Str\u00f6mungsberuhigter Wassereinlauf<\/li>\n<\/ul>\n<h4><strong>Benefits at a glance:<\/strong><\/h4>\n<ul>\n<li>Hohe Filterleistung bei geringer Baugr\u00f6\u00dfe durch Schr\u00e4gbettprinzip<\/li>\n<li>Einfache und Effiziente Konstruktion<\/li>\n<li>Schwebeteilchen und Schmutz werden abgefiltert N\u00e4hrstoffe werden minimiert, dadurch wird der Absch\u00e4umer entlastet Sorgt f\u00fcr kristallklares Wasser<\/li>\n<li>Technikbecken bleibt sauber, da 100% Durchfluss m\u00f6glich<\/li>\n<li>Einfache Reinigung<\/li>\n<li>Schneller, einfacher Vlieswechsel<\/li>\n<li>Powerful motor<\/li>\n<li>Stabile Bauweise<\/li>\n<li>All components suitable for seawater<\/li>\n<li>Eine Rolle Filtervlies im Lieferumfang enthalten<\/li>\n<li>Fertig montiert<\/li>\n<li>High-quality fabrication, made in GERMANY<\/li>\n<\/ul>\n<h4><strong>Technische Daten:<\/strong><\/h4>\n<table id=\"tablepress-5\" class=\"tablepress tablepress-id-5\">\n<tbody class=\"row-striping row-hover\">\n<tr class=\"row-1\">\n\t<td class=\"column-1\">Au\u00dfenma\u00dfe LxB (cm)<\/td><td class=\"column-2\">55x58<\/td>\n<\/tr>\n<tr class=\"row-2\">\n\t<td class=\"column-1\">H\u00f6he mit Filtervlies (cm)<\/td><td class=\"column-2\">38<\/td>\n<\/tr>\n<tr class=\"row-3\">\n\t<td class=\"column-1\">Minimum height for fleece replacement (cm)<\/td><td class=\"column-2\">43<\/td>\n<\/tr>\n<tr class=\"row-4\">\n\t<td class=\"column-1\">Zulauf Durchmesser (mm)<\/td><td class=\"column-2\">2 x 63<\/td>\n<\/tr>\n<tr class=\"row-5\">\n\t<td class=\"column-1\">Maximaler Wasserstand ab Filterboden im Notfall (cm)<\/td><td class=\"column-2\">17<\/td>\n<\/tr>\n<tr class=\"row-6\">\n\t<td class=\"column-1\">Durchflussmenge bis ca. (L\/h)<\/td><td class=\"column-2\">20.000<\/td>\n<\/tr>\n<tr class=\"row-7\">\n\t<td class=\"column-1\">Empfohlenes Systemvolumen (L)<\/td><td class=\"column-2\">ab 2000<\/td>\n<\/tr>\n<tr class=\"row-8\">\n\t<td class=\"column-1\">Vliesrolle Breite\/L\u00e4nge (cm\/m)<\/td><td class=\"column-2\">48\/100<\/td>\n<\/tr>\n<\/tbody>\n<\/table>\n<!-- #tablepress-5 from cache -->","protected":false},"excerpt":{"rendered":"<p>pearl.DB &#8211; DER Vliesfilter f\u00fcr gro\u00dfe Aquarien und kleine Teiche &nbsp; Gewohnte Designelemente wie das minimalistische,\u00a0effiziente Design\u00a0wurden von der pearl.eco &#8211; Reihe \u00fcbernommen. Der bew\u00e4hrt,\u00a0einfache Vlieswechsel\u00a0wurde auch hier umgesetzt. Das [&hellip;]<\/p>\n","protected":false},"author":1,"featured_media":0,"parent":0,"menu_order":0,"comment_status":"closed","ping_status":"closed","template":"","meta":{"footnotes":""},"class_list":["post-15164","page","type-page","status-publish","hentry"],"_links":{"self":[{"href":"https:\/\/www.pearl-aqua.de\/en\/wp-json\/wp\/v2\/pages\/15164","targetHints":{"allow":["GET"]}}],"collection":[{"href":"https:\/\/www.pearl-aqua.de\/en\/wp-json\/wp\/v2\/pages"}],"about":[{"href":"https:\/\/www.pearl-aqua.de\/en\/wp-json\/wp\/v2\/types\/page"}],"author":[{"embeddable":true,"href":"https:\/\/www.pearl-aqua.de\/en\/wp-json\/wp\/v2\/users\/1"}],"replies":[{"embeddable":true,"href":"https:\/\/www.pearl-aqua.de\/en\/wp-json\/wp\/v2\/comments?post=15164"}],"version-history":[{"count":7,"href":"https:\/\/www.pearl-aqua.de\/en\/wp-json\/wp\/v2\/pages\/15164\/revisions"}],"predecessor-version":[{"id":15216,"href":"https:\/\/www.pearl-aqua.de\/en\/wp-json\/wp\/v2\/pages\/15164\/revisions\/15216"}],"wp:attachment":[{"href":"https:\/\/www.pearl-aqua.de\/en\/wp-json\/wp\/v2\/media?parent=15164"}],"curies":[{"name":"wp","href":"https:\/\/api.w.org\/{rel}","templated":true}]}}