{"id":47,"date":"2018-01-05T17:34:41","date_gmt":"2018-01-05T17:34:41","guid":{"rendered":"http:\/\/www.pearl-aqua.de\/?page_id=47"},"modified":"2020-05-24T07:44:22","modified_gmt":"2020-05-24T07:44:22","slug":"impressum","status":"publish","type":"page","link":"https:\/\/www.pearl-aqua.de\/en\/impressum","title":{"rendered":"Legal notice"},"content":{"rendered":"<p><span style=\"font-size: 10pt;\">Angaben gem\u00e4\u00df \u00a7 5 TMG:<\/span><\/p>\n<p><span style=\"font-size: 10pt;\">InnovativeProductsB\u00f6nisch<\/span><\/p>\n<p><span style=\"font-size: 10pt;\">Robert B\u00f6nisch<\/span><\/p>\n<p><span style=\"font-size: 10pt;\">Ro\u00dfharter Strasse 6<\/span><\/p>\n<p><span style=\"font-size: 10pt;\">83533 Edling<\/span><\/p>\n<p>&nbsp;<\/p>\n<p><span style=\"font-size: 10pt;\">Kontakt:<\/span><\/p>\n<aside id=\"sci_info_widget-3\" class=\"widget widget_sci_info_widget\">\n<div class=\"sci-contact\">\n<p class=\"sci-address-phone\"><span style=\"font-size: 10pt;\">Tel. +49 (0) 176 84 30 76 80<\/span><\/p>\n<p class=\"sci-address-email\"><span style=\"font-size: 10pt;\"><a href=\"mailto:info@meerwasserwelt.de\" rel=\"nofollow\">Email: info@pearl-aqua.de<\/a><\/span><\/p>\n<\/div>\n<\/aside>\n<p>&nbsp;<\/p>\n<p><span style=\"font-size: 10pt;\">Steuernr.: 156\/206\/20669<\/span><\/p>\n<p><span style=\"font-size: 10pt;\">Umsatzsteuer-Identifikationsnummer gem\u00e4\u00df \u00a727 a Umsatzsteuergesetz:<\/span><\/p>\n<p><span style=\"font-size: 10pt;\">USt.-Id: DE 314546515<\/span><\/p>\n<p>&nbsp;<\/p>\n<p>&nbsp;<\/p>\n<p><span style=\"font-size: 10pt;\">Haftungsausschluss:<\/span><\/p>\n<p>&nbsp;<\/p>\n<p><span style=\"font-size: 10pt;\">Haftung f\u00fcr Inhalte<\/span><\/p>\n<p><span style=\"font-size: 10pt;\">Die Inhalte unserer Seiten wurden mit gr\u00f6\u00dfter Sorgfalt erstellt. F\u00fcr die Richtigkeit, Vollst\u00e4ndigkeit und Aktualit\u00e4t der Inhalte k\u00f6nnen wir jedoch keine Gew\u00e4hr \u00fcbernehmen. Als Diensteanbieter sind wir gem\u00e4\u00df \u00a7 7 Abs.1 TMG f\u00fcr eigene Inhalte auf diesen Seiten nach den allgemeinen Gesetzen verantwortlich. Nach \u00a7\u00a7 8 bis 10 TMG sind wir als Diensteanbieter jedoch nicht verpflichtet, \u00fcbermittelte oder gespeicherte fremde Informationen zu \u00fcberwachen oder nach Umst\u00e4nden zu forschen, die auf eine rechtswidrige T\u00e4tigkeit hinweisen. Verpflichtungen zur Entfernung oder Sperrung der Nutzung von Informationen nach den allgemeinen Gesetzen bleiben hiervon unber\u00fchrt. Eine diesbez\u00fcgliche Haftung ist jedoch erst ab dem Zeitpunkt der Kenntnis einer konkreten Rechtsverletzung m\u00f6glich. Bei Bekanntwerden von entsprechenden Rechtsverletzungen werden wir diese Inhalte umgehend entfernen.<\/span><\/p>\n<p>&nbsp;<\/p>\n<p><span style=\"font-size: 10pt;\">Haftung f\u00fcr Links<\/span><\/p>\n<p><span style=\"font-size: 10pt;\">Unser Angebot enth\u00e4lt Links zu externen Webseiten Dritter, auf deren Inhalte wir keinen Einfluss haben. Deshalb k\u00f6nnen wir f\u00fcr diese fremden Inhalte auch keine Gew\u00e4hr \u00fcbernehmen. F\u00fcr die Inhalte der verlinkten Seiten ist stets der jeweilige Anbieter oder Betreiber der Seiten verantwortlich. Die verlinkten Seiten wurden zum Zeitpunkt der Verlinkung auf m\u00f6gliche Rechtsverst\u00f6\u00dfe \u00fcberpr\u00fcft. Rechtswidrige Inhalte waren zum Zeitpunkt der Verlinkung nicht erkennbar. Eine permanente inhaltliche Kontrolle der verlinkten Seiten ist jedoch ohne konkrete Anhaltspunkte einer Rechtsverletzung nicht zumutbar. Bei Bekanntwerden von Rechtsverletzungen werden wir derartige Links umgehend entfernen.<\/span><\/p>\n<p>&nbsp;<\/p>\n<p><span style=\"font-size: 10pt;\">Urheberrecht<\/span><\/p>\n<p><span style=\"font-size: 10pt;\">Die durch die Seitenbetreiber erstellten Inhalte und Werke auf diesen Seiten unterliegen dem deutschen Urheberrecht. Die Vervielf\u00e4ltigung, Bearbeitung, Verbreitung und jede Art der Verwertung au\u00dferhalb der Grenzen des Urheberrechtes bed\u00fcrfen der schriftlichen Zustimmung des jeweiligen Autors bzw. Erstellers. Downloads und Kopien dieser Seite sind nur f\u00fcr den privaten, nicht kommerziellen Gebrauch gestattet. Soweit die Inhalte auf dieser Seite nicht vom Betreiber erstellt wurden, werden die Urheberrechte Dritter beachtet. Insbesondere werden Inhalte Dritter als solche gekennzeichnet. Sollten Sie trotzdem auf eine Urheberrechtsverletzung aufmerksam werden, bitten wir um einen entsprechenden Hinweis. Bei Bekanntwerden von Rechtsverletzungen werden wir derartige Inhalte umgehend entfernen.<\/span><\/p>\n<p>&nbsp;<\/p>\n<p><span style=\"font-size: 10pt;\">Datenschutz<\/span><\/p>\n<p><span style=\"font-size: 10pt;\">Die Nutzung unserer Webseite ist in der Regel ohne Angabe personenbezogener Daten m\u00f6glich. Soweit auf unseren Seiten personenbezogene Daten (beispielsweise Name, Anschrift oder eMail-Adressen) erhoben werden, erfolgt dies, soweit m\u00f6glich, stets auf freiwilliger Basis. Diese Daten werden ohne Ihre ausdr\u00fcckliche Zustimmung nicht an Dritte weitergegeben.<\/span><\/p>\n<p><span style=\"font-size: 10pt;\">Wir weisen darauf hin, dass die Daten\u00fcbertragung im Internet (z.B. bei der Kommunikation per E-Mail) Sicherheitsl\u00fccken aufweisen kann. Ein l\u00fcckenloser Schutz der Daten vor dem Zugriff durch Dritte ist nicht m\u00f6glich.<\/span><\/p>\n<p><span style=\"font-size: 10pt;\">Der Nutzung von im Rahmen der Impressumspflicht ver\u00f6ffentlichten Kontaktdaten durch Dritte zur \u00dcbersendung \u00a0von nicht ausdr\u00fccklich angeforderter Werbung und Informationsmaterialien wird hiermit ausdr\u00fccklich \u00a0widersprochen. Die Betreiber der Seiten behalten sich ausdr\u00fccklich rechtliche Schritte im Falle der unverlangten \u00a0Zusendung von Werbeinformationen, etwa durch Spam-Mails, vor.<\/span><\/p>","protected":false},"excerpt":{"rendered":"<p>Angaben gem\u00e4\u00df \u00a7 5 TMG: InnovativeProductsB\u00f6nisch Robert B\u00f6nisch Ro\u00dfharter Strasse 6 83533 Edling &nbsp; Kontakt: Tel. +49 (0) 176 84 30 76 80 Email: info@pearl-aqua.de &nbsp; Steuernr.: 156\/206\/20669 Umsatzsteuer-Identifikationsnummer gem\u00e4\u00df [&hellip;]<\/p>\n","protected":false},"author":1,"featured_media":0,"parent":0,"menu_order":0,"comment_status":"closed","ping_status":"closed","template":"","meta":{"footnotes":""},"class_list":["post-47","page","type-page","status-publish","hentry"],"_links":{"self":[{"href":"https:\/\/www.pearl-aqua.de\/en\/wp-json\/wp\/v2\/pages\/47","targetHints":{"allow":["GET"]}}],"collection":[{"href":"https:\/\/www.pearl-aqua.de\/en\/wp-json\/wp\/v2\/pages"}],"about":[{"href":"https:\/\/www.pearl-aqua.de\/en\/wp-json\/wp\/v2\/types\/page"}],"author":[{"embeddable":true,"href":"https:\/\/www.pearl-aqua.de\/en\/wp-json\/wp\/v2\/users\/1"}],"replies":[{"embeddable":true,"href":"https:\/\/www.pearl-aqua.de\/en\/wp-json\/wp\/v2\/comments?post=47"}],"version-history":[{"count":2,"href":"https:\/\/www.pearl-aqua.de\/en\/wp-json\/wp\/v2\/pages\/47\/revisions"}],"predecessor-version":[{"id":101,"href":"https:\/\/www.pearl-aqua.de\/en\/wp-json\/wp\/v2\/pages\/47\/revisions\/101"}],"wp:attachment":[{"href":"https:\/\/www.pearl-aqua.de\/en\/wp-json\/wp\/v2\/media?parent=47"}],"curies":[{"name":"wp","href":"https:\/\/api.w.org\/{rel}","templated":true}]}}