{"id":756,"date":"2020-01-04T10:04:54","date_gmt":"2020-01-04T10:04:54","guid":{"rendered":"http:\/\/www.pearl-aqua.de\/?page_id=756"},"modified":"2021-11-01T16:25:45","modified_gmt":"2021-11-01T16:25:45","slug":"technische-daten","status":"publish","type":"page","link":"https:\/\/www.pearl-aqua.de\/en\/technische-daten","title":{"rendered":"Technical data"},"content":{"rendered":"<h2>Vliesfilter<\/h2>\n<table id=\"tablepress-2\" class=\"tablepress tablepress-id-2\">\n<tbody class=\"row-striping row-hover\">\n<tr class=\"row-1\">\n\t<td class=\"column-1\">pearl.eco<\/td><td class=\"column-2\">small<\/td><td class=\"column-3\">medium<\/td><td class=\"column-4\">large<\/td>\n<\/tr>\n<tr class=\"row-2\">\n\t<td class=\"column-1\">Grundfl\u00e4che (cm) inkl. seitliche Verschraubung [L\/B]<\/td><td class=\"column-2\">43 x 14<\/td><td class=\"column-3\">43 x 20<\/td><td class=\"column-4\">43 x 31<\/td>\n<\/tr>\n<tr class=\"row-3\">\n\t<td class=\"column-1\">H\u00f6he mit Vlies (cm) [H]<\/td><td class=\"column-2\">30<\/td><td class=\"column-3\">30<\/td><td class=\"column-4\">30<\/td>\n<\/tr>\n<tr class=\"row-4\">\n\t<td class=\"column-1\">Minimale H\u00f6he zum Vlieswechsel (cm)<\/td><td class=\"column-2\">38<\/td><td class=\"column-3\">38<\/td><td class=\"column-4\">38<\/td>\n<\/tr>\n<tr class=\"row-5\">\n\t<td class=\"column-1\">Durchmesser (mm) Zulauf [D]<\/td><td class=\"column-2\">32<\/td><td class=\"column-3\">40<\/td><td class=\"column-4\">50<\/td>\n<\/tr>\n<tr class=\"row-6\">\n\t<td class=\"column-1\">Zus. Breite (cm) Elektronikgeh\u00e4use [B1]<\/td><td class=\"column-2\">6<\/td><td class=\"column-3\">6<\/td><td class=\"column-4\">6<\/td>\n<\/tr>\n<tr class=\"row-7\">\n\t<td class=\"column-1\">Empfohlener Wasserstand (cm) [H1]<\/td><td class=\"column-2\">0,5 - 4<\/td><td class=\"column-3\">0,5 - 4<\/td><td class=\"column-4\">0,5 - 4<\/td>\n<\/tr>\n<tr class=\"row-8\">\n\t<td class=\"column-1\">Max. Wasserstand ab Unterkante (cm) [H2]<\/td><td class=\"column-2\">15<\/td><td class=\"column-3\">15<\/td><td class=\"column-4\">15<\/td>\n<\/tr>\n<tr class=\"row-9\">\n\t<td class=\"column-1\">Durchlauf ca. (L\/h)<\/td><td class=\"column-2\">1.000 - 3.500<\/td><td class=\"column-3\">2.000 - 6.000<\/td><td class=\"column-4\">4.000 - 10.000<\/td>\n<\/tr>\n<tr class=\"row-10\">\n\t<td class=\"column-1\">Empfohlenes Beckenvolumen (L)<\/td><td class=\"column-2\">150 - 500<\/td><td class=\"column-3\">500 - 1.000<\/td><td class=\"column-4\">1.000 - 2.000<\/td>\n<\/tr>\n<tr class=\"row-11\">\n\t<td class=\"column-1\">Vliesrolle (Breite\/L\u00e4nge) (cm\/m)<\/td><td class=\"column-2\">10\/50<\/td><td class=\"column-3\">16\/50<\/td><td class=\"column-4\">27\/50<\/td>\n<\/tr>\n<tr class=\"row-12\">\n\t<td class=\"column-1\">H\u00f6henverstellung der Einh\u00e4ngeb\u00fcgel (cm)<\/td><td class=\"column-2\">12,5 - 21,5<\/td><td class=\"column-3\">12,5 - 21,5<\/td><td class=\"column-4\">12,5 - 21,5<\/td>\n<\/tr>\n<\/tbody>\n<\/table>\n<!-- #tablepress-2 from cache --><figure class=\"wp-block-image size-large\"><img fetchpriority=\"high\" decoding=\"async\" width=\"618\" height=\"685\" src=\"http:\/\/www.pearl-aqua.de\/wp-content\/uploads\/2021\/11\/Medium-Bema\u00dft.jpg\" alt=\"\" class=\"wp-image-13649\" srcset=\"https:\/\/www.pearl-aqua.de\/wp-content\/uploads\/2021\/11\/Medium-Bema\u00dft.jpg 618w, https:\/\/www.pearl-aqua.de\/wp-content\/uploads\/2021\/11\/Medium-Bema\u00dft-271x300.jpg 271w, https:\/\/www.pearl-aqua.de\/wp-content\/uploads\/2021\/11\/Medium-Bema\u00dft-11x12.jpg 11w, https:\/\/www.pearl-aqua.de\/wp-content\/uploads\/2021\/11\/Medium-Bema\u00dft-600x665.jpg 600w\" sizes=\"(max-width: 618px) 100vw, 618px\" \/><\/figure><h2>Filtervlies<\/h2>\n<table id=\"tablepress-3\" class=\"tablepress tablepress-id-3\">\n<tbody class=\"row-striping row-hover\">\n<tr class=\"row-1\">\n\t<td class=\"column-1\">Gewicht pro qm (Gramm)<\/td><td class=\"column-2\">40<\/td>\n<\/tr>\n<tr class=\"row-2\">\n\t<td class=\"column-1\">Breite (cm) S\/M\/L<\/td><td class=\"column-2\">10\/16\/27<\/td>\n<\/tr>\n<tr class=\"row-3\">\n\t<td class=\"column-1\">L\u00e4nge (m)<\/td><td class=\"column-2\">50<\/td>\n<\/tr>\n<tr class=\"row-4\">\n\t<td class=\"column-1\">Anzahl an Ersatzrollen pro Set<\/td><td class=\"column-2\">3<\/td>\n<\/tr>\n<tr class=\"row-5\">\n\t<td class=\"column-1\">Anzahl an Rollen im Lieferumfang enthalten\t<\/td><td class=\"column-2\">1<\/td>\n<\/tr>\n<\/tbody>\n<\/table>\n<!-- #tablepress-3 from cache -->","protected":false},"excerpt":{"rendered":"<p>Vliesfilter Filtervlies<\/p>","protected":false},"author":1,"featured_media":0,"parent":0,"menu_order":0,"comment_status":"closed","ping_status":"closed","template":"elementor_header_footer","meta":{"footnotes":""},"class_list":["post-756","page","type-page","status-publish","hentry"],"_links":{"self":[{"href":"https:\/\/www.pearl-aqua.de\/en\/wp-json\/wp\/v2\/pages\/756","targetHints":{"allow":["GET"]}}],"collection":[{"href":"https:\/\/www.pearl-aqua.de\/en\/wp-json\/wp\/v2\/pages"}],"about":[{"href":"https:\/\/www.pearl-aqua.de\/en\/wp-json\/wp\/v2\/types\/page"}],"author":[{"embeddable":true,"href":"https:\/\/www.pearl-aqua.de\/en\/wp-json\/wp\/v2\/users\/1"}],"replies":[{"embeddable":true,"href":"https:\/\/www.pearl-aqua.de\/en\/wp-json\/wp\/v2\/comments?post=756"}],"version-history":[{"count":11,"href":"https:\/\/www.pearl-aqua.de\/en\/wp-json\/wp\/v2\/pages\/756\/revisions"}],"predecessor-version":[{"id":13653,"href":"https:\/\/www.pearl-aqua.de\/en\/wp-json\/wp\/v2\/pages\/756\/revisions\/13653"}],"wp:attachment":[{"href":"https:\/\/www.pearl-aqua.de\/en\/wp-json\/wp\/v2\/media?parent=756"}],"curies":[{"name":"wp","href":"https:\/\/api.w.org\/{rel}","templated":true}]}}