{"id":13655,"date":"2021-11-01T17:18:34","date_gmt":"2021-11-01T17:18:34","guid":{"rendered":"http:\/\/www.pearl-aqua.de\/?post_type=product&#038;p=13655"},"modified":"2024-02-24T21:11:21","modified_gmt":"2024-02-24T19:11:21","slug":"ersatzzahnrad-z16","status":"publish","type":"product","link":"https:\/\/www.pearl-aqua.de\/en\/product\/ersatzzahnrad-z16","title":{"rendered":"Ersatzzahnrad Z16"},"content":{"rendered":"<p>Ersatzzahnrad f\u00fcr die Motorwelle. 16 Z\u00e4hne<\/p>\n<p>Das Zahnrad sorgt f\u00fcr die Kraft\u00fcbertragung zwischen Motor und Schmutzvlieswelle. Zudem dient es als \u00dcberlastschutz f\u00fcr den Motor. Ist die Kraft zu gro\u00df bricht das Zahnrad und sch\u00fctzt dadurch den Motor. Das Zahnrad kann einfach mit einem Innensechskantschraubendreher montiert werden.<\/p>","protected":false},"excerpt":{"rendered":"<p>Ersatzzahnrad f\u00fcr die Motorwelle. 16 Z\u00e4hne<\/p>","protected":false},"featured_media":0,"comment_status":"closed","ping_status":"closed","template":"","meta":[],"product_brand":[],"product_cat":[49],"product_tag":[],"class_list":{"0":"post-13655","1":"product","2":"type-product","3":"status-publish","5":"product_cat-ersatzteile","7":"first","8":"instock","9":"taxable","10":"shipping-taxable","11":"purchasable","12":"product-type-simple"},"_links":{"self":[{"href":"https:\/\/www.pearl-aqua.de\/en\/wp-json\/wp\/v2\/product\/13655","targetHints":{"allow":["GET"]}}],"collection":[{"href":"https:\/\/www.pearl-aqua.de\/en\/wp-json\/wp\/v2\/product"}],"about":[{"href":"https:\/\/www.pearl-aqua.de\/en\/wp-json\/wp\/v2\/types\/product"}],"replies":[{"embeddable":true,"href":"https:\/\/www.pearl-aqua.de\/en\/wp-json\/wp\/v2\/comments?post=13655"}],"wp:attachment":[{"href":"https:\/\/www.pearl-aqua.de\/en\/wp-json\/wp\/v2\/media?parent=13655"}],"wp:term":[{"taxonomy":"product_brand","embeddable":true,"href":"https:\/\/www.pearl-aqua.de\/en\/wp-json\/wp\/v2\/product_brand?post=13655"},{"taxonomy":"product_cat","embeddable":true,"href":"https:\/\/www.pearl-aqua.de\/en\/wp-json\/wp\/v2\/product_cat?post=13655"},{"taxonomy":"product_tag","embeddable":true,"href":"https:\/\/www.pearl-aqua.de\/en\/wp-json\/wp\/v2\/product_tag?post=13655"}],"curies":[{"name":"wp","href":"https:\/\/api.w.org\/{rel}","templated":true}]}}