{"id":14861,"date":"2021-12-27T20:20:43","date_gmt":"2021-12-27T20:20:43","guid":{"rendered":"http:\/\/www.pearl-aqua.de\/?post_type=product&#038;p=14861"},"modified":"2022-01-05T17:03:43","modified_gmt":"2022-01-05T17:03:43","slug":"untergestell-fuer-standfuesse","status":"publish","type":"product","link":"https:\/\/www.pearl-aqua.de\/en\/product\/untergestell-fuer-standfuesse","title":{"rendered":"Untergestell f\u00fcr Standf\u00fc\u00dfe"},"content":{"rendered":"<p>Untergestell f\u00fcr pearl.eco Vliesfilter mit Standf\u00fc\u00dfen.<\/p>\n<p>Die H\u00f6he kann einfach durch Abl\u00e4ngen der mitgelieferten Rohre eingestellt werden.<\/p>","protected":false},"excerpt":{"rendered":"<p>Untergestell f\u00fcr pearl.eco Vliesfilter mit Standf\u00fc\u00dfen.<\/p>","protected":false},"featured_media":0,"comment_status":"closed","ping_status":"closed","template":"","meta":[],"product_brand":[],"product_cat":[37],"product_tag":[],"class_list":{"0":"post-14861","1":"product","2":"type-product","3":"status-publish","5":"product_cat-zubehoer","6":"product_shipping_class-bis-2kg","8":"first","9":"instock","10":"taxable","11":"shipping-taxable","12":"purchasable","13":"product-type-variable","14":"has-default-attributes"},"_links":{"self":[{"href":"https:\/\/www.pearl-aqua.de\/en\/wp-json\/wp\/v2\/product\/14861","targetHints":{"allow":["GET"]}}],"collection":[{"href":"https:\/\/www.pearl-aqua.de\/en\/wp-json\/wp\/v2\/product"}],"about":[{"href":"https:\/\/www.pearl-aqua.de\/en\/wp-json\/wp\/v2\/types\/product"}],"replies":[{"embeddable":true,"href":"https:\/\/www.pearl-aqua.de\/en\/wp-json\/wp\/v2\/comments?post=14861"}],"wp:attachment":[{"href":"https:\/\/www.pearl-aqua.de\/en\/wp-json\/wp\/v2\/media?parent=14861"}],"wp:term":[{"taxonomy":"product_brand","embeddable":true,"href":"https:\/\/www.pearl-aqua.de\/en\/wp-json\/wp\/v2\/product_brand?post=14861"},{"taxonomy":"product_cat","embeddable":true,"href":"https:\/\/www.pearl-aqua.de\/en\/wp-json\/wp\/v2\/product_cat?post=14861"},{"taxonomy":"product_tag","embeddable":true,"href":"https:\/\/www.pearl-aqua.de\/en\/wp-json\/wp\/v2\/product_tag?post=14861"}],"curies":[{"name":"wp","href":"https:\/\/api.w.org\/{rel}","templated":true}]}}