{"id":15155,"date":"2022-12-26T20:53:04","date_gmt":"2022-12-26T18:53:04","guid":{"rendered":"http:\/\/www.pearl-aqua.de\/?post_type=product&#038;p=15155"},"modified":"2025-05-30T07:25:29","modified_gmt":"2025-05-30T05:25:29","slug":"pearl-db","status":"publish","type":"product","link":"https:\/\/www.pearl-aqua.de\/en\/product\/pearl-db","title":{"rendered":"pearl.DB Vliesfilter"},"content":{"rendered":"<p><strong>DER Vliesfilter f\u00fcr gro\u00dfe Meerwasseraquarien, S\u00fc\u00dfwasseraquarien und kleine Teiche<\/strong>. Gewohnte Designelemente wie das minimalistische, <strong>effiziente Design<\/strong> wurden von der pearl.eco - Reihe \u00fcbernommen. Der bew\u00e4hrt, <strong>einfache Vlieswechsel<\/strong> wurde auch hier umgesetzt. Das Abziehen des verbrauchten Vlies wurde weiter vereinfacht, kein l\u00e4stiges Abrollen oder Abschneiden von der Welle. Der neue, <strong>beruhigte Wassereinlauf<\/strong> sorgt f\u00fcr mehr Ruhe. Zwei 63 mm Zulauf-Anschl\u00fcsse f\u00fcr einfachen Anschluss an gro\u00dfe Systeme. <strong>Extrem niedrige Bauh\u00f6he und Grundfl\u00e4che<\/strong> bei gleichzeitig <strong>gro\u00dfer Durchflussleistung.<\/strong> <strong>100 Meter langes Filtervlies<\/strong> f\u00fcr lange Wartungszyklen.<\/p>\n<p>Eine Vliesrolle im Lieferumfang inklusive.<\/p>\n<h4><\/h4>\n<h4><strong>Technische Daten:<\/strong><\/h4>\n<table class=\"wp-block-table aligncenter is-style-stripes\" style=\"width: 100.149%;\">\n<tbody>\n<tr>\n<td style=\"width: 27.2716%;\"><strong>pearl.DB<\/strong><\/td>\n<td style=\"width: 17.545%;\"><\/td>\n<\/tr>\n<tr>\n<td style=\"width: 27.2716%;\">Au\u00dfenma\u00dfe (LxB) (cm)<\/td>\n<td style=\"width: 17.545%;\">55 x 58<\/td>\n<\/tr>\n<tr>\n<td style=\"width: 27.2716%;\">H\u00f6he mit Vlies (cm)<\/td>\n<td style=\"width: 17.545%;\">38<\/td>\n<\/tr>\n<tr>\n<td style=\"width: 27.2716%;\">Minimum height for fleece replacement (cm)<\/td>\n<td style=\"width: 17.545%;\">43<\/td>\n<\/tr>\n<tr>\n<td style=\"width: 27.2716%;\">Durchmesser Zulauf (mm)<\/td>\n<td style=\"width: 17.545%;\">2 x 63<\/td>\n<\/tr>\n<tr>\n<td style=\"width: 27.2716%;\">Max. Wasserstand ab Filterboden (cm) im Notfall<\/td>\n<td style=\"width: 17.545%;\">15<\/td>\n<\/tr>\n<tr>\n<td style=\"width: 27.2716%;\">Durchlauf bis ca. (L\/h)<\/td>\n<td style=\"width: 17.545%;\">20.000<\/td>\n<\/tr>\n<tr>\n<td style=\"width: 27.2716%;\">Recommended tank volume (L)<\/td>\n<td style=\"width: 17.545%;\">ab 2000<\/td>\n<\/tr>\n<tr>\n<td style=\"width: 27.2716%;\">Fleece roll (width\/length) (cm\/m)<\/td>\n<td style=\"width: 17.545%;\">48 \/ 100<\/td>\n<\/tr>\n<\/tbody>\n<\/table>\n<h4><\/h4>\n<h4><strong>Features:<\/strong><\/h4>\n<ul>\n<li>Automatic fleece feed<\/li>\n<li>Schr\u00e4gbettprinzip<\/li>\n<li>Hoher Durchfluss<\/li>\n<li>Kugelgelagerte Wellen<\/li>\n<li>Intelligente Elektronik, schaltet automatisch ab<\/li>\n<li>Str\u00f6mungsberuhigter Wassereinlauf<\/li>\n<\/ul>\n<h4><strong>Benefits at a glance:<\/strong><\/h4>\n<ul>\n<li>Hohe Filterleistung bei geringer Baugr\u00f6\u00dfe durch Schr\u00e4gbettprinzip<\/li>\n<li>Einfache und Effiziente Konstruktion<\/li>\n<li>Schwebeteilchen und Schmutz werden abgefiltert N\u00e4hrstoffe werden minimiert, dadurch wird der Absch\u00e4umer entlastet Sorgt f\u00fcr kristallklares Wasser<\/li>\n<li>Technikbecken bleibt sauber, da 100% Durchfluss m\u00f6glich<\/li>\n<li>Einfache Reinigung<\/li>\n<li>Schneller, einfacher Vlieswechsel<\/li>\n<li>Powerful motor<\/li>\n<li>Stabile Bauweise<\/li>\n<li>All components suitable for seawater<\/li>\n<li>High-quality fabrication, made in GERMANY<\/li>\n<\/ul>","protected":false},"excerpt":{"rendered":"<p>DER Vliesfilter f\u00fcr gro\u00dfe Meerwasseraquarien, S\u00fc\u00dfwasseraquarien und kleine Teiche. Gewohnte Designelemente wie das minimalistische, effiziente Design wurden von der pearl.eco &#8211; Reihe \u00fcbernommen. Der bew\u00e4hrt, einfache Vlieswechsel wurde auch hier [&hellip;]<\/p>\n","protected":false},"featured_media":15156,"comment_status":"open","ping_status":"closed","template":"","meta":[],"product_brand":[],"product_cat":[35],"product_tag":[54],"class_list":{"0":"post-15155","1":"product","2":"type-product","3":"status-publish","4":"has-post-thumbnail","6":"product_cat-filter","7":"product_tag-pearl-db","9":"first","10":"instock","11":"taxable","12":"shipping-taxable","13":"purchasable","14":"product-type-simple"},"_links":{"self":[{"href":"https:\/\/www.pearl-aqua.de\/en\/wp-json\/wp\/v2\/product\/15155","targetHints":{"allow":["GET"]}}],"collection":[{"href":"https:\/\/www.pearl-aqua.de\/en\/wp-json\/wp\/v2\/product"}],"about":[{"href":"https:\/\/www.pearl-aqua.de\/en\/wp-json\/wp\/v2\/types\/product"}],"replies":[{"embeddable":true,"href":"https:\/\/www.pearl-aqua.de\/en\/wp-json\/wp\/v2\/comments?post=15155"}],"wp:featuredmedia":[{"embeddable":true,"href":"https:\/\/www.pearl-aqua.de\/en\/wp-json\/wp\/v2\/media\/15156"}],"wp:attachment":[{"href":"https:\/\/www.pearl-aqua.de\/en\/wp-json\/wp\/v2\/media?parent=15155"}],"wp:term":[{"taxonomy":"product_brand","embeddable":true,"href":"https:\/\/www.pearl-aqua.de\/en\/wp-json\/wp\/v2\/product_brand?post=15155"},{"taxonomy":"product_cat","embeddable":true,"href":"https:\/\/www.pearl-aqua.de\/en\/wp-json\/wp\/v2\/product_cat?post=15155"},{"taxonomy":"product_tag","embeddable":true,"href":"https:\/\/www.pearl-aqua.de\/en\/wp-json\/wp\/v2\/product_tag?post=15155"}],"curies":[{"name":"wp","href":"https:\/\/api.w.org\/{rel}","templated":true}]}}