{"id":163,"date":"2018-01-13T19:46:23","date_gmt":"2018-01-13T19:46:23","guid":{"rendered":"http:\/\/www.pearl-aqua.de\/?post_type=product&#038;p=163"},"modified":"2024-02-24T21:01:32","modified_gmt":"2024-02-24T19:01:32","slug":"pearl-black","status":"publish","type":"product","link":"https:\/\/www.pearl-aqua.de\/en\/product\/pearl-black","title":{"rendered":"pearl. eco &#8211; Vliesfilter"},"content":{"rendered":"<h4><strong>Technische Daten:<\/strong><\/h4>\n<table class=\"wp-block-table aligncenter is-style-stripes\" style=\"width: 100.149%;\">\n<tbody>\n<tr>\n<td style=\"width: 40.0582%;\"><strong>pearl. eco<\/strong><\/td>\n<td style=\"width: 0.74239%;\"><\/td>\n<td style=\"width: 4.75836%;\">small.<\/td>\n<td style=\"width: 0.297398%;\"><\/td>\n<td style=\"width: 5.57621%;\">medium.<\/td>\n<td style=\"width: 0.297398%;\"><\/td>\n<td style=\"width: 6.3197%;\">large.<\/td>\n<\/tr>\n<tr>\n<td style=\"width: 40.0582%;\">Grundfl\u00e4che (cm) inkl. seitliche Verschraubung<\/td>\n<td style=\"width: 0.74239%;\"><\/td>\n<td style=\"width: 4.75836%;\">43 x 14<\/td>\n<td style=\"width: 0.297398%;\"><\/td>\n<td style=\"width: 5.57621%;\">43 x 20<\/td>\n<td style=\"width: 0.297398%;\"><\/td>\n<td style=\"width: 6.3197%;\">43 x 31<\/td>\n<\/tr>\n<tr>\n<td style=\"width: 40.0582%;\">H\u00f6he mit Vlies (cm)<\/td>\n<td style=\"width: 0.74239%;\"><\/td>\n<td style=\"width: 4.75836%;\">30<\/td>\n<td style=\"width: 0.297398%;\"><\/td>\n<td style=\"width: 5.57621%;\">30<\/td>\n<td style=\"width: 0.297398%;\"><\/td>\n<td style=\"width: 6.3197%;\">30<\/td>\n<\/tr>\n<tr>\n<td style=\"width: 40.0582%;\">Minimum height for fleece replacement (cm)<\/td>\n<td style=\"width: 0.74239%;\"><\/td>\n<td style=\"width: 4.75836%;\">38<\/td>\n<td style=\"width: 0.297398%;\"><\/td>\n<td style=\"width: 5.57621%;\">38<\/td>\n<td style=\"width: 0.297398%;\"><\/td>\n<td style=\"width: 6.3197%;\">38<\/td>\n<\/tr>\n<tr>\n<td style=\"width: 40.0582%;\">Durchmesser Zulauf (mm)<\/td>\n<td style=\"width: 0.74239%;\"><\/td>\n<td style=\"width: 4.75836%;\">32<\/td>\n<td style=\"width: 0.297398%;\"><\/td>\n<td style=\"width: 5.57621%;\">40<\/td>\n<td style=\"width: 0.297398%;\"><\/td>\n<td style=\"width: 6.3197%;\">50<\/td>\n<\/tr>\n<tr>\n<td style=\"width: 40.0582%;\">Zus. Breite (cm) Elektronikgeh\u00e4use<\/td>\n<td style=\"width: 0.74239%;\"><\/td>\n<td style=\"width: 4.75836%;\">6<\/td>\n<td style=\"width: 0.297398%;\"><\/td>\n<td style=\"width: 5.57621%;\">6<\/td>\n<td style=\"width: 0.297398%;\"><\/td>\n<td style=\"width: 6.3197%;\">6<\/td>\n<\/tr>\n<tr>\n<td style=\"width: 40.0582%;\">Max. Wasserstand ab Filterboden (cm) im Notfall<\/td>\n<td style=\"width: 0.74239%;\"><\/td>\n<td style=\"width: 4.75836%;\">15<\/td>\n<td style=\"width: 0.297398%;\"><\/td>\n<td style=\"width: 5.57621%;\">15<\/td>\n<td style=\"width: 0.297398%;\"><\/td>\n<td style=\"width: 6.3197%;\">15<\/td>\n<\/tr>\n<tr>\n<td style=\"width: 40.0582%;\">Durchlauf bis ca. (L\/h)<\/td>\n<td style=\"width: 0.74239%;\"><\/td>\n<td style=\"width: 4.75836%;\">3.500<\/td>\n<td style=\"width: 0.297398%;\"><\/td>\n<td style=\"width: 5.57621%;\">6.000<\/td>\n<td style=\"width: 0.297398%;\"><\/td>\n<td style=\"width: 6.3197%;\">10.000<\/td>\n<\/tr>\n<tr>\n<td style=\"width: 40.0582%;\">Recommended tank volume (L)<\/td>\n<td style=\"width: 0.74239%;\"><\/td>\n<td style=\"width: 4.75836%;\">150-500<\/td>\n<td style=\"width: 0.297398%;\"><\/td>\n<td style=\"width: 5.57621%;\">500-1000<\/td>\n<td style=\"width: 0.297398%;\"><\/td>\n<td style=\"width: 6.3197%;\">1000-2000<\/td>\n<\/tr>\n<tr>\n<td style=\"width: 40.0582%;\">Fleece roll (width\/length) (cm\/m)<\/td>\n<td style=\"width: 0.74239%;\"><\/td>\n<td style=\"width: 4.75836%;\">10 \/ 50<\/td>\n<td style=\"width: 0.297398%;\"><\/td>\n<td style=\"width: 5.57621%;\">16 \/ 50<\/td>\n<td style=\"width: 0.297398%;\"><\/td>\n<td style=\"width: 6.3197%;\">27 \/ 50<\/td>\n<\/tr>\n<tr>\n<td style=\"width: 40.0582%;\">Height adjustment of the hanging brackets (cm)<\/td>\n<td style=\"width: 0.74239%;\"><\/td>\n<td style=\"width: 4.75836%;\">12,5 - 21,5<\/td>\n<td style=\"width: 0.297398%;\"><\/td>\n<td style=\"width: 5.57621%;\">12,5 - 21,5<\/td>\n<td style=\"width: 0.297398%;\"><\/td>\n<td style=\"width: 6.3197%;\">12,5 - 21,5<\/td>\n<\/tr>\n<\/tbody>\n<\/table>\n<h4><\/h4>\n<h4><strong>Features:<\/strong><\/h4>\n<ul>\n<li>Automatic fleece feed<\/li>\n<li>Schr\u00e4gbettprinzip<\/li>\n<li>Maximale Flexibilit\u00e4t\n<ul>\n<li>Electronic unit can be installed on both sides<\/li>\n<li>Durch austauschen der Mittelteile kann jederzeit auf andere Gr\u00f6\u00dfe umgebaut werden<\/li>\n<\/ul>\n<\/li>\n<li>Integrated bypass<\/li>\n<li>Smart electronics<\/li>\n<li>Einh\u00e4ngeb\u00fcgel oder Standf\u00fc\u00dfe zur einfachen Montage<\/li>\n<\/ul>\n<h4><strong>Benefits at a glance:<\/strong><\/h4>\n<ul>\n<li>Hohe Filterleistung bei geringer Baugr\u00f6\u00dfe durch Schr\u00e4gbettprinzip<\/li>\n<li>Fits in almost all common technical tanks<\/li>\n<li>Can also be installed in a separate tank outside the technical tank<\/li>\n<li>Schwebeteilchen und Schmutz werden abgefiltert N\u00e4hrstoffe werden minimiert, dadurch wird der Absch\u00e4umer entlastet Sorgt f\u00fcr kristallklares Wasser<\/li>\n<li>Technikbecken bleibt sauber, da 100% Durchfluss m\u00f6glich<\/li>\n<li>Also usable as bypass<\/li>\n<li>Easy cleaning and fleece exchange<\/li>\n<li>Powerful motor<\/li>\n<li>All components suitable for seawater<\/li>\n<li>High-quality fabrication, made in GERMANY<\/li>\n<\/ul>\n<h4><\/h4>","protected":false},"excerpt":{"rendered":"<p>Technische Daten: pearl. eco small. medium. large. Grundfl\u00e4che (cm) inkl. seitliche Verschraubung 43 x 14 43 x 20 43 x 31 H\u00f6he mit Vlies (cm) 30 30 30 Minimale H\u00f6he [&hellip;]<\/p>\n","protected":false},"featured_media":780,"comment_status":"closed","ping_status":"closed","template":"","meta":[],"product_brand":[],"product_cat":[35],"product_tag":[39],"class_list":{"0":"post-163","1":"product","2":"type-product","3":"status-publish","4":"has-post-thumbnail","6":"product_cat-filter","7":"product_tag-filter","9":"first","10":"instock","11":"taxable","12":"shipping-taxable","13":"purchasable","14":"product-type-variable","15":"has-default-attributes"},"_links":{"self":[{"href":"https:\/\/www.pearl-aqua.de\/en\/wp-json\/wp\/v2\/product\/163","targetHints":{"allow":["GET"]}}],"collection":[{"href":"https:\/\/www.pearl-aqua.de\/en\/wp-json\/wp\/v2\/product"}],"about":[{"href":"https:\/\/www.pearl-aqua.de\/en\/wp-json\/wp\/v2\/types\/product"}],"replies":[{"embeddable":true,"href":"https:\/\/www.pearl-aqua.de\/en\/wp-json\/wp\/v2\/comments?post=163"}],"wp:featuredmedia":[{"embeddable":true,"href":"https:\/\/www.pearl-aqua.de\/en\/wp-json\/wp\/v2\/media\/780"}],"wp:attachment":[{"href":"https:\/\/www.pearl-aqua.de\/en\/wp-json\/wp\/v2\/media?parent=163"}],"wp:term":[{"taxonomy":"product_brand","embeddable":true,"href":"https:\/\/www.pearl-aqua.de\/en\/wp-json\/wp\/v2\/product_brand?post=163"},{"taxonomy":"product_cat","embeddable":true,"href":"https:\/\/www.pearl-aqua.de\/en\/wp-json\/wp\/v2\/product_cat?post=163"},{"taxonomy":"product_tag","embeddable":true,"href":"https:\/\/www.pearl-aqua.de\/en\/wp-json\/wp\/v2\/product_tag?post=163"}],"curies":[{"name":"wp","href":"https:\/\/api.w.org\/{rel}","templated":true}]}}