{"id":662,"date":"2020-01-01T20:37:57","date_gmt":"2020-01-01T20:37:57","guid":{"rendered":"http:\/\/www.pearl-aqua.de\/?post_type=product&#038;p=662"},"modified":"2023-05-24T20:16:20","modified_gmt":"2023-05-24T18:16:20","slug":"standfuesse","status":"publish","type":"product","link":"https:\/\/www.pearl-aqua.de\/en\/product\/standfuesse","title":{"rendered":"Standf\u00fc\u00dfe"},"content":{"rendered":"<ul>\n<li>Optionale Standf\u00fc\u00dfe zur Montage des pearl. eco Vliesfilters<\/li>\n<li>Lieferumfang: 4 x Standfu\u00df<\/li>\n<li>Gr\u00f6\u00dfen unabh\u00e4ngig, passt f\u00fcr alle pearl. eco Modelle<\/li>\n<li>Kann nach unten mit 20mm PVC Rohr beliebig aufgebaut werden<\/li>\n<\/ul>","protected":false},"excerpt":{"rendered":"<p>Optionale Standf\u00fc\u00dfe zur Montage des pearl. eco Vliesfilters Lieferumfang: 4 x Standfu\u00df Gr\u00f6\u00dfen unabh\u00e4ngig, passt f\u00fcr alle pearl. eco Modelle Kann nach unten mit 20mm PVC Rohr beliebig aufgebaut werden<\/p>","protected":false},"featured_media":663,"comment_status":"closed","ping_status":"closed","template":"","meta":[],"product_brand":[],"product_cat":[37],"product_tag":[],"class_list":{"0":"post-662","1":"product","2":"type-product","3":"status-publish","4":"has-post-thumbnail","6":"product_cat-zubehoer","8":"first","9":"instock","10":"taxable","11":"shipping-taxable","12":"purchasable","13":"product-type-simple"},"_links":{"self":[{"href":"https:\/\/www.pearl-aqua.de\/en\/wp-json\/wp\/v2\/product\/662","targetHints":{"allow":["GET"]}}],"collection":[{"href":"https:\/\/www.pearl-aqua.de\/en\/wp-json\/wp\/v2\/product"}],"about":[{"href":"https:\/\/www.pearl-aqua.de\/en\/wp-json\/wp\/v2\/types\/product"}],"replies":[{"embeddable":true,"href":"https:\/\/www.pearl-aqua.de\/en\/wp-json\/wp\/v2\/comments?post=662"}],"wp:featuredmedia":[{"embeddable":true,"href":"https:\/\/www.pearl-aqua.de\/en\/wp-json\/wp\/v2\/media\/663"}],"wp:attachment":[{"href":"https:\/\/www.pearl-aqua.de\/en\/wp-json\/wp\/v2\/media?parent=662"}],"wp:term":[{"taxonomy":"product_brand","embeddable":true,"href":"https:\/\/www.pearl-aqua.de\/en\/wp-json\/wp\/v2\/product_brand?post=662"},{"taxonomy":"product_cat","embeddable":true,"href":"https:\/\/www.pearl-aqua.de\/en\/wp-json\/wp\/v2\/product_cat?post=662"},{"taxonomy":"product_tag","embeddable":true,"href":"https:\/\/www.pearl-aqua.de\/en\/wp-json\/wp\/v2\/product_tag?post=662"}],"curies":[{"name":"wp","href":"https:\/\/api.w.org\/{rel}","templated":true}]}}