{"id":683,"date":"2020-01-02T17:05:22","date_gmt":"2020-01-02T17:05:22","guid":{"rendered":"http:\/\/www.pearl-aqua.de\/?post_type=product&#038;p=683"},"modified":"2023-05-24T20:15:34","modified_gmt":"2023-05-24T18:15:34","slug":"umruestsatz","status":"publish","type":"product","link":"https:\/\/www.pearl-aqua.de\/en\/product\/umruestsatz","title":{"rendered":"Umr\u00fcstsatz"},"content":{"rendered":"<p>Mit dem Umr\u00fcstsatz kann der bestehende pearl.eco Vliesfilter in eine andere Gr\u00f6\u00dfe umgebaut werden. Einzigartig in der Branche!<\/p>\n<p>Bei Vergr\u00f6\u00dferung des Beckenvolumens kann z.B. von Medium auf Large umgebaut werden, somit muss kein neuer Filter gekauft werden. Dadurch werden Geld und Ressourcen gespart.<\/p>","protected":false},"excerpt":{"rendered":"<p>Mit dem Umr\u00fcstsatz kann der bestehende pearl.eco Vliesfilter in eine andere Gr\u00f6\u00dfe umgebaut werden. Einzigartig in der Branche! Bei Vergr\u00f6\u00dferung des Beckenvolumens kann z.B. von Medium auf Large umgebaut werden, [&hellip;]<\/p>\n","protected":false},"featured_media":434,"comment_status":"closed","ping_status":"closed","template":"","meta":[],"product_brand":[],"product_cat":[37],"product_tag":[41],"class_list":{"0":"post-683","1":"product","2":"type-product","3":"status-publish","4":"has-post-thumbnail","6":"product_cat-zubehoer","7":"product_tag-umbau","9":"first","10":"instock","11":"taxable","12":"shipping-taxable","13":"purchasable","14":"product-type-variable","15":"has-default-attributes"},"_links":{"self":[{"href":"https:\/\/www.pearl-aqua.de\/en\/wp-json\/wp\/v2\/product\/683","targetHints":{"allow":["GET"]}}],"collection":[{"href":"https:\/\/www.pearl-aqua.de\/en\/wp-json\/wp\/v2\/product"}],"about":[{"href":"https:\/\/www.pearl-aqua.de\/en\/wp-json\/wp\/v2\/types\/product"}],"replies":[{"embeddable":true,"href":"https:\/\/www.pearl-aqua.de\/en\/wp-json\/wp\/v2\/comments?post=683"}],"wp:featuredmedia":[{"embeddable":true,"href":"https:\/\/www.pearl-aqua.de\/en\/wp-json\/wp\/v2\/media\/434"}],"wp:attachment":[{"href":"https:\/\/www.pearl-aqua.de\/en\/wp-json\/wp\/v2\/media?parent=683"}],"wp:term":[{"taxonomy":"product_brand","embeddable":true,"href":"https:\/\/www.pearl-aqua.de\/en\/wp-json\/wp\/v2\/product_brand?post=683"},{"taxonomy":"product_cat","embeddable":true,"href":"https:\/\/www.pearl-aqua.de\/en\/wp-json\/wp\/v2\/product_cat?post=683"},{"taxonomy":"product_tag","embeddable":true,"href":"https:\/\/www.pearl-aqua.de\/en\/wp-json\/wp\/v2\/product_tag?post=683"}],"curies":[{"name":"wp","href":"https:\/\/api.w.org\/{rel}","templated":true}]}}